{"id":28,"date":"2026-01-07T08:28:02","date_gmt":"2026-01-07T07:28:02","guid":{"rendered":"https:\/\/mwcadcam.at\/?page_id=28"},"modified":"2026-03-26T15:12:24","modified_gmt":"2026-03-26T14:12:24","slug":"politique-de-confidentialite","status":"publish","type":"page","link":"https:\/\/mwcadcam.at\/de\/politique-de-confidentialite\/","title":{"rendered":"Impressum und Datenschutzerkl\u00e4rung"},"content":{"rendered":"<p>Informationspflicht laut \u00a75 E-Commerce Gesetz, \u00a714 Unternehmensgesetzbuch, \u00a763<br \/>Gewerbeordnung und Offenlegungspflicht laut \u00a725 Mediengesetz<br \/>MW CADCAM GbmH<br \/>Windorf 8<br \/>4113 St. Martin im M\u00fchlkreis<br \/>Austria<\/p>\r\n<p class=\"large-12 medium-12 small-12 columns\"><!-- \/wp:post-content -->\r\n\r\n<!-- wp:paragraph {\"translatedWithWPMLTM\":\"1\"} \/-->\r\n\r\n<!-- wp:heading {\"translatedWithWPMLTM\":\"1\"} --><\/p>\r\n<p><strong>Tel.:<\/strong> +43 (0) 676 61 61 111<br \/><strong>E-Mail:<\/strong> stefan.madlmayr@mwcadcam.at<br \/><strong>Unternehmensgegenstand:<\/strong> EDV-Dienstleistungen<br \/><strong>UID-Nummer:<\/strong> ATU75959429<br \/><strong>Firmenbuchnummer:<\/strong> FN 540880 m<br \/><strong>Firmenbuchgericht:<\/strong> Landesgericht Linz<br \/><strong>Berufsrecht:<\/strong> Gewerbeordnung www.ris.bka.gv.at<br \/><strong>Aufsichtsbeh\u00f6rde\/Gewerbebeh\u00f6rde:<\/strong> Bezirkshauptmannschaft Rohrbach<br \/><strong>Verleihungsstaat:<\/strong> \u00d6sterreich<\/p>\r\n<h2>Haftungsausschluss<\/h2>\r\n<p data-start=\"4968\" data-end=\"5133\">Die Inhalte unserer Website wurden mit gr\u00f6\u00dfter Sorgfalt erstellt. F\u00fcr die Richtigkeit, Vollst\u00e4ndigkeit und Aktualit\u00e4t der Inhalte \u00fcbernehmen wir jedoch keine Gew\u00e4hr.<\/p>\r\n<p data-start=\"5135\" data-end=\"5364\">Als Diensteanbieter sind wir gem\u00e4\u00df \u00a7 18 ECG f\u00fcr eigene Inhalte auf diesen Seiten nach den allgemeinen Gesetzen verantwortlich. Wir sind jedoch nicht verpflichtet, \u00fcbermittelte oder gespeicherte fremde Informationen zu \u00fcberwachen.<\/p>\r\n<p data-start=\"5366\" data-end=\"5459\">Bei Bekanntwerden von Rechtsverletzungen werden wir derartige Inhalte unverz\u00fcglich entfernen.<\/p>\r\n<h2>Haftung f\u00fcr Inhalte dieser Webseite<\/h2>\r\n<p>Die Inhalte dieser Webseite wurden mit gr\u00f6\u00dftm\u00f6glicher Sorgfalt erstellt. F\u00fcr die Richtigkeit, Vollst\u00e4ndigkeit und Aktualit\u00e4t der Inhalte \u00fcbernehmen wir jedoch keine Gew\u00e4hr. Als Diensteanbieter sind wir f\u00fcr eigene Inhalte auf diesen Seiten nach den allgemeinen Gesetzen verantwortlich. Wir sind jedoch nicht verpflichtet, \u00fcbermittelte oder gespeicherte fremde Informationen zu \u00fcberwachen oder nach Umst\u00e4nden zu forschen, die auf eine rechtswidrige T\u00e4tigkeit hinweisen. Verpflichtungen zur Entfernung oder Sperrung der Nutzung von Informationen nach den allgemeinen Gesetzen bleiben hiervon unber\u00fchrt. Eine diesbez\u00fcgliche Haftung ist jedoch erst ab dem Zeitpunkt der Kenntnis einer konkreten Rechtsverletzung m\u00f6glich. Bei Bekanntwerden von entsprechenden Rechtsverletzungen werden wir diese Inhalte umgehend entfernen.<\/p>\r\n<h2>Haftung f\u00fcr externe Links<\/h2>\r\n<p data-start=\"5497\" data-end=\"5661\">Unsere Website enth\u00e4lt Links zu externen Websites Dritter, auf deren Inhalte wir keinen Einfluss haben. Daher \u00fcbernehmen wir f\u00fcr diese fremden Inhalte keine Gew\u00e4hr.<\/p>\r\n<p data-start=\"5663\" data-end=\"5851\">F\u00fcr die Inhalte der verlinkten Seiten ist stets der jeweilige Anbieter oder Betreiber verantwortlich. Bei Bekanntwerden von Rechtsverletzungen werden derartige Links unverz\u00fcglich entfernt.<\/p>\r\n<h2>Urheberrecht<\/h2>\r\n<p>Die auf dieser Website ver\u00f6ffentlichten Inhalte unterliegen dem Urheberrecht. Jede Verwertung au\u00dferhalb der Grenzen des Urheberrechts bedarf der vorherigen schriftlichen Zustimmung des jeweiligen Autors.<\/p>\r\n<h2>Datenschutzerkl\u00e4rung<\/h2>\r\n<p>Wir legen gro\u00dfen Wert auf den Schutz Ihrer Daten. Um Sie in vollem Umfang \u00fcber die Verwendung personenbezogener Daten zu informieren, bitten wir Sie die folgenden Datenschutzhinweise zur Kenntnis zu nehmen.<\/p>\r\n<h2>Verarbeitung personenbezogener Daten<\/h2>\r\n<p>Die Verarbeitung personenbezogener Daten erfolgt im Einklang mit der DSGVO sowie den nationalen Datenschutzbestimmungen (DSG, TKG 2021).<\/p>\r\n<h2>Zwecke und Rechtsgrundlagen<\/h2>\r\n<p data-start=\"6455\" data-end=\"6517\">Die Verarbeitung erfolgt auf Basis folgender Rechtsgrundlagen:<\/p>\r\n<ul data-start=\"6519\" data-end=\"6661\">\r\n<li data-section-id=\"uzyhsw\" data-start=\"6519\" data-end=\"6564\">Art. 6 Abs. 1 lit. a DSGVO (Einwilligung)<\/li>\r\n<li data-section-id=\"r5gsto\" data-start=\"6565\" data-end=\"6605\">Art. 6 Abs. 1 lit. b DSGVO (Vertrag)<\/li>\r\n<li data-section-id=\"14jmtu6\" data-start=\"6606\" data-end=\"6661\">Art. 6 Abs. 1 lit. f DSGVO (berechtigtes Interesse)<\/li>\r\n<\/ul>\r\n<h2>Server-Logfiles<\/h2>\r\n<p data-start=\"6689\" data-end=\"6759\">Beim Besuch unserer Website werden automatisch folgende Daten erhoben:<\/p>\r\n<ul data-start=\"6761\" data-end=\"6845\">\r\n<li data-section-id=\"1h0uk97\" data-start=\"6761\" data-end=\"6775\">IP-Adresse<\/li>\r\n<li data-section-id=\"1bbfxdf\" data-start=\"6776\" data-end=\"6797\">Datum und Uhrzeit<\/li>\r\n<li data-section-id=\"fxadvm\" data-start=\"6798\" data-end=\"6828\">Browser und Betriebssystem<\/li>\r\n<li data-section-id=\"4st6i5\" data-start=\"6829\" data-end=\"6845\">Referrer-URL<\/li>\r\n<\/ul>\r\n<p data-start=\"6847\" data-end=\"6905\">Diese Daten dienen der technischen Sicherheit der Website.<\/p>\r\n<h2 data-section-id=\"pw5etb\" data-start=\"6912\" data-end=\"6932\">Kontaktformulare<\/h2>\r\n<p data-start=\"6934\" data-end=\"7039\">Wenn Sie uns \u00fcber ein Formular kontaktieren, werden Ihre Angaben zur Bearbeitung der Anfrage gespeichert.<\/p>\r\n<h2 data-start=\"6847\" data-end=\"6905\">Cookies<\/h2>\r\n<p>Wie die meisten Websites verwenden wir \u201eCookies\u201c. Cookies sind kleine Textdateien, die auf Ihrem Computer gespeichert werden. Bei jedem Zugriff auf unsere Website werden folgende Informationen erfasst: die IP-Adresse Ihres Computers, der verwendete Browser und Ihr Betriebssystem. Die Aktivierung von Cookies stellt kein Sicherheitsrisiko dar. Wir nutzen diese Daten f\u00fcr den Betrieb unserer Website, insbesondere um Fehler auf der Website zu erkennen und zu beheben, um den Nutzungsgrad der Website zu ermitteln und um Anpassungen oder Verbesserungen vorzunehmen. Cookies tragen in vielerlei Hinsicht dazu bei, Ihren Besuch auf unserer Website einfacher, angenehmer und sinnvoller zu gestalten. Wenn Sie die Verwendung von Cookies nicht w\u00fcnschen, k\u00f6nnen Sie Ihren Internetbrowser so konfigurieren, dass er die Speicherung von Cookies nicht akzeptiert. Bitte beachten Sie jedoch, dass einige Funktionen unserer Website m\u00f6glicherweise nicht verf\u00fcgbar sind, wenn Sie Cookies deaktiviert haben. \u00a0<\/p>\r\n<h2>Datenschutzerkl\u00e4rung f\u00fcr die Nutzung von Google Analytics<\/h2>\r\n<p>Wir nutzen auf unserer Website Google Analytics. Hierbei handelt es sich um einen Webanalysedienst von Google LLC, Mountain View, Kalifornien, USA, f\u00fcr den die Google Limited Ireland (\u201eGoogle\u201c) f\u00fcr Europa verantwortlich ist. Google Analytics erm\u00f6glicht die Analyse der Nutzung unserer Website, um beispielsweise die Zielgruppe unserer Website und den erfolgreichen Zugriff \u00fcber Links Dritter auf unsere Website zu messen. Die durch die Cookies generierten Informationen hinsichtlich Ihrer Nutzung dieser Website (einschliesslich Ihrer anonymisierten IP-Adresse) werden an einen Server von Google in den USA \u00fcbertragen und dort gespeichert. Im Hinblick auf die Daten\u00fcbermittlung in die USA hat sich Google verpflichtet, die Standardvertragsklauseln der EU zu unterzeichnen und einzuhalten. Bei Bedarf finden Sie weitere Informationen in der Datenschutzerkl\u00e4rung von Google Analytics (<a href=\"https:\/\/policies.google.com\/privacy?hl=de#intro\">https:\/\/policies.google.com\/privacy?hl=de#intro<\/a>). \u00a0<\/p>\r\n<h2>Datenschutz im Rahmen Ihrer Anmeldung zu unserem Newsletter<\/h2>\r\n<p>Wir senden regelm\u00e4ssig Informationen zu unseren Produkten sowie unseren Veranstaltungen an die Abonnenten unseres Newsletters. Jeder Kunde kann sich \u00fcber unsere Website registrieren, indem er seine E-Mail-Adresse angibt. Sie haben jederzeit die M\u00f6glichkeit, den Newsletter abzubestellen, indem Sie auf den Link \u201eunsubscribe from this list\u201c am Ende der erhaltenen E-Mail klicken. Alternativ k\u00f6nnen Sie uns auch eine E-Mail senden an <a href=\"mailto:sales@mwprog.ch\">sales@mwprog.ch<\/a> mit der Bitte um Abmeldung. F\u00fcr den Versand und die Verwaltung unserer Newsletter nutzen wir Mailchimp. Mailchimp ist ein Dienst des amerikanischen Unternehmens The Rocket Science Group LLC. Informationen zur Datenverarbeitung finden Sie in der Datenschutzrichtlinie von Mailchimp (<a href=\"https:\/\/mailchimp.com\/de\/help\/about-the-general-data-protection-regulation\/\">https:\/\/mailchimp.com\/de\/help\/about-the-general-data-protection-regulation\/<\/a>) sowie auf der Website \u201eMailchimp und die Daten\u00fcbertragung in Europa\u201c (<a href=\"https:\/\/mailchimp.com\/de\/help\/mailchimp-european-data-transfers\/\">https:\/\/mailchimp.com\/de\/help\/mailchimp-european-data-transfers\/<\/a>). Mailchimp erm\u00f6glicht den Versand und die Analyse von Newslettern. Dank verschiedener Technologien wissen wir, ob der Newsletter angekommen ist, ob er ge\u00f6ffnet wurde und welche Inhalte der Empf\u00e4nger angeklickt hat. Diese Informationen werden zur Verbesserung unserer Newsletter verwendet. \u00a0<\/p>\r\n<h2 data-section-id=\"sx5nea\" data-start=\"7544\" data-end=\"7561\">Speicherdauer<\/h2>\r\n<p data-start=\"7563\" data-end=\"7671\">Personenbezogene Daten werden nur so lange gespeichert, wie dies f\u00fcr die jeweiligen Zwecke erforderlich ist.<\/p>\r\n<h2>Auskunftsrecht<\/h2>\r\n<p>Sie haben jederzeit das Recht auf Auskunft \u00fcber die bez\u00fcglich Ihrer Person gespeicherten Daten, deren Herkunft und Empf\u00e4nger sowie den Zweck der Speicherung.<\/p>\r\n<h2 data-section-id=\"1q0nze8\" data-start=\"7831\" data-end=\"7850\">Beschwerderecht<\/h2>\r\n<p>Sie haben das Recht, sich bei der zust\u00e4ndigen Aufsichtsbeh\u00f6rde zu beschweren:\u00a0<strong data-start=\"7931\" data-end=\"7969\">\u00d6sterreichische Datenschutzbeh\u00f6rde<\/strong><\/p>\r\n<p>&nbsp;<\/p>\r\n<p class=\"large-12 medium-12 small-12 columns\"><em><strong>Letzte Aktualisierung:<\/strong><\/em> March 2026<\/p>","protected":false},"excerpt":{"rendered":"<p>Informationspflicht laut \u00a75 E-Commerce Gesetz, \u00a714 Unternehmensgesetzbuch, \u00a763Gewerbeordnung und Offenlegungspflicht laut \u00a725 MediengesetzMW CADCAM GbmHWindorf 84113 St. Martin im M\u00fchlkreisAustria Tel.: +43 (0) 676 61 61 111E-Mail: stefan.madlmayr@mwcadcam.atUnternehmensgegenstand: EDV-DienstleistungenUID-Nummer: ATU75959429Firmenbuchnummer: FN 540880 mFirmenbuchgericht: Landesgericht LinzBerufsrecht: Gewerbeordnung www.ris.bka.gv.atAufsichtsbeh\u00f6rde\/Gewerbebeh\u00f6rde: Bezirkshauptmannschaft RohrbachVerleihungsstaat: \u00d6sterreich Haftungsausschluss Die Inhalte unserer Website wurden mit gr\u00f6\u00dfter Sorgfalt erstellt. F\u00fcr die Richtigkeit, Vollst\u00e4ndigkeit und <a href=\"https:\/\/mwcadcam.at\/de\/politique-de-confidentialite\/\" class=\"more-link\">&#8230;<span class=\"screen-reader-text\">  Impressum und Datenschutzerkl\u00e4rung<\/span><\/a><\/p>\n","protected":false},"author":1,"featured_media":0,"parent":0,"menu_order":0,"comment_status":"closed","ping_status":"closed","template":"","meta":{"_acf_changed":false,"_seopress_robots_primary_cat":"","_seopress_titles_title":"","_seopress_titles_desc":"","_seopress_robots_index":"","inline_featured_image":false,"footnotes":""},"class_list":["post-28","page","type-page","status-publish","hentry"],"acf":[],"_links":{"self":[{"href":"https:\/\/mwcadcam.at\/de\/wp-json\/wp\/v2\/pages\/28","targetHints":{"allow":["GET"]}}],"collection":[{"href":"https:\/\/mwcadcam.at\/de\/wp-json\/wp\/v2\/pages"}],"about":[{"href":"https:\/\/mwcadcam.at\/de\/wp-json\/wp\/v2\/types\/page"}],"author":[{"embeddable":true,"href":"https:\/\/mwcadcam.at\/de\/wp-json\/wp\/v2\/users\/1"}],"replies":[{"embeddable":true,"href":"https:\/\/mwcadcam.at\/de\/wp-json\/wp\/v2\/comments?post=28"}],"version-history":[{"count":17,"href":"https:\/\/mwcadcam.at\/de\/wp-json\/wp\/v2\/pages\/28\/revisions"}],"predecessor-version":[{"id":537,"href":"https:\/\/mwcadcam.at\/de\/wp-json\/wp\/v2\/pages\/28\/revisions\/537"}],"wp:attachment":[{"href":"https:\/\/mwcadcam.at\/de\/wp-json\/wp\/v2\/media?parent=28"}],"curies":[{"name":"wp","href":"https:\/\/api.w.org\/{rel}","templated":true}]}}